{"id":30,"date":"2016-10-31T21:24:21","date_gmt":"2016-10-31T20:24:21","guid":{"rendered":"https:\/\/dmmetals.ca\/?page_id=30"},"modified":"2017-04-30T19:13:54","modified_gmt":"2017-04-30T23:13:54","slug":"aluminium-anodise","status":"publish","type":"page","link":"https:\/\/dmmetals.ca\/fr\/produits-et-services\/aluminium-anodise\/","title":{"rendered":"Aluminium anodis\u00e9"},"content":{"rendered":"<div class=\"wpb-content-wrapper\"><p>[vc_row animation_type=&#8221;fadeInUp&#8221;][vc_column][vc_custom_heading text=&#8221;Aluminium anodis\u00e9&#8221; use_theme_fonts=&#8221;yes&#8221;][vc_column_text]<\/p>\n<p style=\"font-size: 16px; font-family: open sans; color: #41495b; line-height: 25px;\"><strong>Moulures en aluminium color\u00e9es<\/strong><\/p>\n<p>&nbsp;<\/p>\n<p style=\"font-size: 14px; font-family: open sans; color: #41495b;\">D M Metals est votre fournisseur de moulures en aluminium sur mesure. Nous courbons les bords de toiture selon vos sp\u00e9cifications, contrairement aux magasins grande surface qui ne vendent que des formats standards. De plus, nous pouvons anodiser notre aluminium, ce qui nous permet d\u2019offrir un \u00e9ventail de choix de couleur qui comprend diff\u00e9rents tons de bronze, de brun, de noir et de champagne. Passez \u00e0 l\u2019atelier pour voir un exemple de ce que nous pouvons produire ou appelez-nous pour passer une commande.<\/p>\n<p>[\/vc_column_text][\/vc_column][\/vc_row][vc_row animation_type=&#8221;fadeInUp&#8221;][vc_column]<div class=\"porto-block \">[vc_row][vc_column][vc_gallery type=\"nivo\" interval=\"3\" source=\"external_link\" onclick=\"\" custom_srcs=\"#E-8_aHR0cHMlM0ElMkYlMkZkbW1ldGFscy5jYSUyRndwLWNvbnRlbnQlMkZ1cGxvYWRzJTJGMjAxNyUyRjAyJTJGRE1tZXRhbHMtaW1nLXBpYy0xLmpwZyUyQ2h0dHBzJTNBJTJGJTJGZG1tZXRhbHMuY2ElMkZ3cC1jb250ZW50JTJGdXBsb2FkcyUyRjIwMTclMkYwMiUyRkRNbWV0YWxzLWltZy1waWMtMi5qcGclMkNodHRwcyUzQSUyRiUyRmRtbWV0YWxzLmNhJTJGd3AtY29udGVudCUyRnVwbG9hZHMlMkYyMDE3JTJGMDIlMkZETW1ldGFscy1pbWctcGljLTQuanBnJTJDaHR0cHMlM0ElMkYlMkZkbW1ldGFscy5jYSUyRndwLWNvbnRlbnQlMkZ1cGxvYWRzJTJGMjAxNyUyRjAyJTJGRE1tZXRhbHMtaW1nLXBpYy02LmpwZw==\"][\/vc_column][\/vc_row]<\/div>[\/vc_column][\/vc_row]<\/p>\n<\/div>","protected":false},"excerpt":{"rendered":"<p>[vc_row animation_type=&#8221;fadeInUp&#8221;][vc_column][vc_custom_heading text=&#8221;Aluminium anodis\u00e9&#8221; use_theme_fonts=&#8221;yes&#8221;][vc_column_text] Moulures en aluminium color\u00e9es &nbsp; D M Metals est votre fournisseur de moulures en aluminium sur mesure. Nous courbons les bords de toiture selon vos sp\u00e9cifications, contrairement aux magasins grande surface qui ne vendent que des formats standards. De plus, nous pouvons anodiser notre aluminium, ce qui nous permet d\u2019offrir [&hellip;]<\/p>\n","protected":false},"author":14,"featured_media":0,"parent":14,"menu_order":0,"comment_status":"closed","ping_status":"closed","template":"","meta":{"inline_featured_image":false,"footnotes":""},"class_list":["post-30","page","type-page","status-publish","hentry"],"yoast_head":"<!-- This site is optimized with the Yoast SEO Premium plugin v27.4 (Yoast SEO v27.4) - https:\/\/yoast.com\/product\/yoast-seo-premium-wordpress\/ -->\n<title>Aluminium anodis\u00e9 - DM Metals<\/title>\n<meta name=\"robots\" content=\"index, follow, max-snippet:-1, max-image-preview:large, max-video-preview:-1\" \/>\n<link rel=\"canonical\" href=\"https:\/\/dmmetals.ca\/fr\/produits-et-services\/aluminium-anodise\/\" \/>\n<meta property=\"og:locale\" content=\"fr_FR\" \/>\n<meta property=\"og:type\" content=\"article\" \/>\n<meta property=\"og:title\" content=\"Aluminium anodis\u00e9\" \/>\n<meta property=\"og:description\" content=\"[vc_row animation_type=&#8221;fadeInUp&#8221;][vc_column][vc_custom_heading text=&#8221;Aluminium anodis\u00e9&#8221; use_theme_fonts=&#8221;yes&#8221;][vc_column_text] Moulures en aluminium color\u00e9es &nbsp; D M Metals est votre fournisseur de moulures en aluminium sur mesure. Nous courbons les bords de toiture selon vos sp\u00e9cifications, contrairement aux magasins grande surface qui ne vendent que des formats standards. De plus, nous pouvons anodiser notre aluminium, ce qui nous permet d\u2019offrir [&hellip;]\" \/>\n<meta property=\"og:url\" content=\"https:\/\/dmmetals.ca\/fr\/produits-et-services\/aluminium-anodise\/\" \/>\n<meta property=\"og:site_name\" content=\"DM Metals\" \/>\n<meta property=\"article:modified_time\" content=\"2017-04-30T23:13:54+00:00\" \/>\n<meta name=\"twitter:card\" content=\"summary_large_image\" \/>\n<meta name=\"twitter:label1\" content=\"Dur\u00e9e de lecture estim\u00e9e\" \/>\n\t<meta name=\"twitter:data1\" content=\"1 minute\" \/>\n<script type=\"application\/ld+json\" class=\"yoast-schema-graph\">{\"@context\":\"https:\\\/\\\/schema.org\",\"@graph\":[{\"@type\":\"WebPage\",\"@id\":\"https:\\\/\\\/dmmetals.ca\\\/fr\\\/produits-et-services\\\/aluminium-anodise\\\/\",\"url\":\"https:\\\/\\\/dmmetals.ca\\\/fr\\\/produits-et-services\\\/aluminium-anodise\\\/\",\"name\":\"Aluminium anodis\u00e9 - DM Metals\",\"isPartOf\":{\"@id\":\"https:\\\/\\\/dmmetals.ca\\\/#website\"},\"datePublished\":\"2016-10-31T20:24:21+00:00\",\"dateModified\":\"2017-04-30T23:13:54+00:00\",\"breadcrumb\":{\"@id\":\"https:\\\/\\\/dmmetals.ca\\\/fr\\\/produits-et-services\\\/aluminium-anodise\\\/#breadcrumb\"},\"inLanguage\":\"fr-FR\",\"potentialAction\":[{\"@type\":\"ReadAction\",\"target\":[\"https:\\\/\\\/dmmetals.ca\\\/fr\\\/produits-et-services\\\/aluminium-anodise\\\/\"]}]},{\"@type\":\"BreadcrumbList\",\"@id\":\"https:\\\/\\\/dmmetals.ca\\\/fr\\\/produits-et-services\\\/aluminium-anodise\\\/#breadcrumb\",\"itemListElement\":[{\"@type\":\"ListItem\",\"position\":1,\"name\":\"Accueil\",\"item\":\"https:\\\/\\\/dmmetals.ca\\\/fr\\\/\"},{\"@type\":\"ListItem\",\"position\":2,\"name\":\"Produits et Services\",\"item\":\"https:\\\/\\\/dmmetals.ca\\\/fr\\\/produits-et-services\\\/\"},{\"@type\":\"ListItem\",\"position\":3,\"name\":\"Aluminium anodis\u00e9\"}]},{\"@type\":\"WebSite\",\"@id\":\"https:\\\/\\\/dmmetals.ca\\\/#website\",\"url\":\"https:\\\/\\\/dmmetals.ca\\\/\",\"name\":\"DM Metals\",\"description\":\"Anodized Aluminum, Flashing, Trim, Metal Roofing and Cladding\",\"potentialAction\":[{\"@type\":\"SearchAction\",\"target\":{\"@type\":\"EntryPoint\",\"urlTemplate\":\"https:\\\/\\\/dmmetals.ca\\\/?s={search_term_string}\"},\"query-input\":{\"@type\":\"PropertyValueSpecification\",\"valueRequired\":true,\"valueName\":\"search_term_string\"}}],\"inLanguage\":\"fr-FR\"}]}<\/script>\n<!-- \/ Yoast SEO Premium plugin. -->","yoast_head_json":{"title":"Aluminium anodis\u00e9 - DM Metals","robots":{"index":"index","follow":"follow","max-snippet":"max-snippet:-1","max-image-preview":"max-image-preview:large","max-video-preview":"max-video-preview:-1"},"canonical":"https:\/\/dmmetals.ca\/fr\/produits-et-services\/aluminium-anodise\/","og_locale":"fr_FR","og_type":"article","og_title":"Aluminium anodis\u00e9","og_description":"[vc_row animation_type=&#8221;fadeInUp&#8221;][vc_column][vc_custom_heading text=&#8221;Aluminium anodis\u00e9&#8221; use_theme_fonts=&#8221;yes&#8221;][vc_column_text] Moulures en aluminium color\u00e9es &nbsp; D M Metals est votre fournisseur de moulures en aluminium sur mesure. Nous courbons les bords de toiture selon vos sp\u00e9cifications, contrairement aux magasins grande surface qui ne vendent que des formats standards. De plus, nous pouvons anodiser notre aluminium, ce qui nous permet d\u2019offrir [&hellip;]","og_url":"https:\/\/dmmetals.ca\/fr\/produits-et-services\/aluminium-anodise\/","og_site_name":"DM Metals","article_modified_time":"2017-04-30T23:13:54+00:00","twitter_card":"summary_large_image","twitter_misc":{"Dur\u00e9e de lecture estim\u00e9e":"1 minute"},"schema":{"@context":"https:\/\/schema.org","@graph":[{"@type":"WebPage","@id":"https:\/\/dmmetals.ca\/fr\/produits-et-services\/aluminium-anodise\/","url":"https:\/\/dmmetals.ca\/fr\/produits-et-services\/aluminium-anodise\/","name":"Aluminium anodis\u00e9 - DM Metals","isPartOf":{"@id":"https:\/\/dmmetals.ca\/#website"},"datePublished":"2016-10-31T20:24:21+00:00","dateModified":"2017-04-30T23:13:54+00:00","breadcrumb":{"@id":"https:\/\/dmmetals.ca\/fr\/produits-et-services\/aluminium-anodise\/#breadcrumb"},"inLanguage":"fr-FR","potentialAction":[{"@type":"ReadAction","target":["https:\/\/dmmetals.ca\/fr\/produits-et-services\/aluminium-anodise\/"]}]},{"@type":"BreadcrumbList","@id":"https:\/\/dmmetals.ca\/fr\/produits-et-services\/aluminium-anodise\/#breadcrumb","itemListElement":[{"@type":"ListItem","position":1,"name":"Accueil","item":"https:\/\/dmmetals.ca\/fr\/"},{"@type":"ListItem","position":2,"name":"Produits et Services","item":"https:\/\/dmmetals.ca\/fr\/produits-et-services\/"},{"@type":"ListItem","position":3,"name":"Aluminium anodis\u00e9"}]},{"@type":"WebSite","@id":"https:\/\/dmmetals.ca\/#website","url":"https:\/\/dmmetals.ca\/","name":"DM Metals","description":"Anodized Aluminum, Flashing, Trim, Metal Roofing and Cladding","potentialAction":[{"@type":"SearchAction","target":{"@type":"EntryPoint","urlTemplate":"https:\/\/dmmetals.ca\/?s={search_term_string}"},"query-input":{"@type":"PropertyValueSpecification","valueRequired":true,"valueName":"search_term_string"}}],"inLanguage":"fr-FR"}]}},"_links":{"self":[{"href":"https:\/\/dmmetals.ca\/fr\/wp-json\/wp\/v2\/pages\/30","targetHints":{"allow":["GET"]}}],"collection":[{"href":"https:\/\/dmmetals.ca\/fr\/wp-json\/wp\/v2\/pages"}],"about":[{"href":"https:\/\/dmmetals.ca\/fr\/wp-json\/wp\/v2\/types\/page"}],"author":[{"embeddable":true,"href":"https:\/\/dmmetals.ca\/fr\/wp-json\/wp\/v2\/users\/14"}],"replies":[{"embeddable":true,"href":"https:\/\/dmmetals.ca\/fr\/wp-json\/wp\/v2\/comments?post=30"}],"version-history":[{"count":0,"href":"https:\/\/dmmetals.ca\/fr\/wp-json\/wp\/v2\/pages\/30\/revisions"}],"up":[{"embeddable":true,"href":"https:\/\/dmmetals.ca\/fr\/wp-json\/wp\/v2\/pages\/14"}],"wp:attachment":[{"href":"https:\/\/dmmetals.ca\/fr\/wp-json\/wp\/v2\/media?parent=30"}],"curies":[{"name":"wp","href":"https:\/\/api.w.org\/{rel}","templated":true}]}}