{"id":26,"date":"2016-10-31T21:23:17","date_gmt":"2016-10-31T20:23:17","guid":{"rendered":"https:\/\/dmmetals.ca\/?page_id=26"},"modified":"2017-04-30T19:13:54","modified_gmt":"2017-04-30T23:13:54","slug":"solins-et-moulures","status":"publish","type":"page","link":"https:\/\/dmmetals.ca\/fr\/produits-et-services\/solins-et-moulures\/","title":{"rendered":"Solins et moulures"},"content":{"rendered":"<div class=\"wpb-content-wrapper\"><p>[vc_row animation_type=&#8221;fadeInUp&#8221;][vc_column][vc_custom_heading text=&#8221;Solins et moulures&#8221; use_theme_fonts=&#8221;yes&#8221;][vc_column_text]<\/p>\n<p style=\"font-size: 16px; font-family: open sans; color: #41495b; line-height: 25px;\"><strong>Solins sur mesure: pour garder l\u2019eau \u00e0 l\u2019ext\u00e9rieur et vos co\u00fbts bas<\/strong><\/p>\n<p>&nbsp;<\/p>\n<p style=\"font-size: 14px; font-family: open sans; color: #41495b;\">Derni\u00e8re ligne de d\u00e9fense contre l\u2019infiltration d\u2019eau, les solins sont des composants essentiels de tout syst\u00e8me de couverture r\u00e9sidentielle. Depuis plus de 20 ans, D M Metals fabrique des solins et des moulures sur mesure ici m\u00eame \u00e0 Ottawa. Nos solins sont con\u00e7us pour \u00eatre fonctionnels et, bien s\u00fbr, \u00e9tanches \u00e0 l\u2019eau et exigent peu d\u2019entretien. Communiquez avec nous pour plus d\u2019informations sur nos solutions de solins abordables.<\/p>\n<p>[\/vc_column_text][\/vc_column][\/vc_row][vc_row animation_delay=&#8221;200&#8243; animation_type=&#8221;fadeInUp&#8221;][vc_column]<div class=\"porto-block \">[vc_row][vc_column][vc_gallery type=\"nivo\" interval=\"3\" source=\"external_link\" onclick=\"\" custom_srcs=\"#E-8_aHR0cHMlM0ElMkYlMkZkbW1ldGFscy5jYSUyRndwLWNvbnRlbnQlMkZ1cGxvYWRzJTJGMjAxNyUyRjAyJTJGRE1tZXRhbHMtaW1nLXBpYy0xLmpwZyUyQ2h0dHBzJTNBJTJGJTJGZG1tZXRhbHMuY2ElMkZ3cC1jb250ZW50JTJGdXBsb2FkcyUyRjIwMTclMkYwMiUyRkRNbWV0YWxzLWltZy1waWMtMi5qcGclMkNodHRwcyUzQSUyRiUyRmRtbWV0YWxzLmNhJTJGd3AtY29udGVudCUyRnVwbG9hZHMlMkYyMDE3JTJGMDIlMkZETW1ldGFscy1pbWctcGljLTQuanBnJTJDaHR0cHMlM0ElMkYlMkZkbW1ldGFscy5jYSUyRndwLWNvbnRlbnQlMkZ1cGxvYWRzJTJGMjAxNyUyRjAyJTJGRE1tZXRhbHMtaW1nLXBpYy02LmpwZw==\"][\/vc_column][\/vc_row]<\/div>[\/vc_column][\/vc_row]<\/p>\n<\/div>","protected":false},"excerpt":{"rendered":"<p>[vc_row animation_type=&#8221;fadeInUp&#8221;][vc_column][vc_custom_heading text=&#8221;Solins et moulures&#8221; use_theme_fonts=&#8221;yes&#8221;][vc_column_text] Solins sur mesure: pour garder l\u2019eau \u00e0 l\u2019ext\u00e9rieur et vos co\u00fbts bas &nbsp; Derni\u00e8re ligne de d\u00e9fense contre l\u2019infiltration d\u2019eau, les solins sont des composants essentiels de tout syst\u00e8me de couverture r\u00e9sidentielle. Depuis plus de 20 ans, D M Metals fabrique des solins et des moulures sur mesure ici [&hellip;]<\/p>\n","protected":false},"author":14,"featured_media":0,"parent":14,"menu_order":0,"comment_status":"closed","ping_status":"closed","template":"","meta":{"inline_featured_image":false,"footnotes":""},"class_list":["post-26","page","type-page","status-publish","hentry"],"yoast_head":"<!-- This site is optimized with the Yoast SEO Premium plugin v27.4 (Yoast SEO v27.4) - https:\/\/yoast.com\/product\/yoast-seo-premium-wordpress\/ -->\n<title>Solins et moulures - DM Metals<\/title>\n<meta name=\"robots\" content=\"index, follow, max-snippet:-1, max-image-preview:large, max-video-preview:-1\" \/>\n<link rel=\"canonical\" href=\"https:\/\/dmmetals.ca\/fr\/produits-et-services\/solins-et-moulures\/\" \/>\n<meta property=\"og:locale\" content=\"fr_FR\" \/>\n<meta property=\"og:type\" content=\"article\" \/>\n<meta property=\"og:title\" content=\"Solins et moulures\" \/>\n<meta property=\"og:description\" content=\"[vc_row animation_type=&#8221;fadeInUp&#8221;][vc_column][vc_custom_heading text=&#8221;Solins et moulures&#8221; use_theme_fonts=&#8221;yes&#8221;][vc_column_text] Solins sur mesure: pour garder l\u2019eau \u00e0 l\u2019ext\u00e9rieur et vos co\u00fbts bas &nbsp; Derni\u00e8re ligne de d\u00e9fense contre l\u2019infiltration d\u2019eau, les solins sont des composants essentiels de tout syst\u00e8me de couverture r\u00e9sidentielle. Depuis plus de 20 ans, D M Metals fabrique des solins et des moulures sur mesure ici [&hellip;]\" \/>\n<meta property=\"og:url\" content=\"https:\/\/dmmetals.ca\/fr\/produits-et-services\/solins-et-moulures\/\" \/>\n<meta property=\"og:site_name\" content=\"DM Metals\" \/>\n<meta property=\"article:modified_time\" content=\"2017-04-30T23:13:54+00:00\" \/>\n<meta name=\"twitter:card\" content=\"summary_large_image\" \/>\n<meta name=\"twitter:label1\" content=\"Dur\u00e9e de lecture estim\u00e9e\" \/>\n\t<meta name=\"twitter:data1\" content=\"1 minute\" \/>\n<script type=\"application\/ld+json\" class=\"yoast-schema-graph\">{\"@context\":\"https:\\\/\\\/schema.org\",\"@graph\":[{\"@type\":\"WebPage\",\"@id\":\"https:\\\/\\\/dmmetals.ca\\\/fr\\\/produits-et-services\\\/solins-et-moulures\\\/\",\"url\":\"https:\\\/\\\/dmmetals.ca\\\/fr\\\/produits-et-services\\\/solins-et-moulures\\\/\",\"name\":\"Solins et moulures - DM Metals\",\"isPartOf\":{\"@id\":\"https:\\\/\\\/dmmetals.ca\\\/#website\"},\"datePublished\":\"2016-10-31T20:23:17+00:00\",\"dateModified\":\"2017-04-30T23:13:54+00:00\",\"breadcrumb\":{\"@id\":\"https:\\\/\\\/dmmetals.ca\\\/fr\\\/produits-et-services\\\/solins-et-moulures\\\/#breadcrumb\"},\"inLanguage\":\"fr-FR\",\"potentialAction\":[{\"@type\":\"ReadAction\",\"target\":[\"https:\\\/\\\/dmmetals.ca\\\/fr\\\/produits-et-services\\\/solins-et-moulures\\\/\"]}]},{\"@type\":\"BreadcrumbList\",\"@id\":\"https:\\\/\\\/dmmetals.ca\\\/fr\\\/produits-et-services\\\/solins-et-moulures\\\/#breadcrumb\",\"itemListElement\":[{\"@type\":\"ListItem\",\"position\":1,\"name\":\"Accueil\",\"item\":\"https:\\\/\\\/dmmetals.ca\\\/fr\\\/\"},{\"@type\":\"ListItem\",\"position\":2,\"name\":\"Produits et Services\",\"item\":\"https:\\\/\\\/dmmetals.ca\\\/fr\\\/produits-et-services\\\/\"},{\"@type\":\"ListItem\",\"position\":3,\"name\":\"Solins et moulures\"}]},{\"@type\":\"WebSite\",\"@id\":\"https:\\\/\\\/dmmetals.ca\\\/#website\",\"url\":\"https:\\\/\\\/dmmetals.ca\\\/\",\"name\":\"DM Metals\",\"description\":\"Anodized Aluminum, Flashing, Trim, Metal Roofing and Cladding\",\"potentialAction\":[{\"@type\":\"SearchAction\",\"target\":{\"@type\":\"EntryPoint\",\"urlTemplate\":\"https:\\\/\\\/dmmetals.ca\\\/?s={search_term_string}\"},\"query-input\":{\"@type\":\"PropertyValueSpecification\",\"valueRequired\":true,\"valueName\":\"search_term_string\"}}],\"inLanguage\":\"fr-FR\"}]}<\/script>\n<!-- \/ Yoast SEO Premium plugin. -->","yoast_head_json":{"title":"Solins et moulures - DM Metals","robots":{"index":"index","follow":"follow","max-snippet":"max-snippet:-1","max-image-preview":"max-image-preview:large","max-video-preview":"max-video-preview:-1"},"canonical":"https:\/\/dmmetals.ca\/fr\/produits-et-services\/solins-et-moulures\/","og_locale":"fr_FR","og_type":"article","og_title":"Solins et moulures","og_description":"[vc_row animation_type=&#8221;fadeInUp&#8221;][vc_column][vc_custom_heading text=&#8221;Solins et moulures&#8221; use_theme_fonts=&#8221;yes&#8221;][vc_column_text] Solins sur mesure: pour garder l\u2019eau \u00e0 l\u2019ext\u00e9rieur et vos co\u00fbts bas &nbsp; Derni\u00e8re ligne de d\u00e9fense contre l\u2019infiltration d\u2019eau, les solins sont des composants essentiels de tout syst\u00e8me de couverture r\u00e9sidentielle. Depuis plus de 20 ans, D M Metals fabrique des solins et des moulures sur mesure ici [&hellip;]","og_url":"https:\/\/dmmetals.ca\/fr\/produits-et-services\/solins-et-moulures\/","og_site_name":"DM Metals","article_modified_time":"2017-04-30T23:13:54+00:00","twitter_card":"summary_large_image","twitter_misc":{"Dur\u00e9e de lecture estim\u00e9e":"1 minute"},"schema":{"@context":"https:\/\/schema.org","@graph":[{"@type":"WebPage","@id":"https:\/\/dmmetals.ca\/fr\/produits-et-services\/solins-et-moulures\/","url":"https:\/\/dmmetals.ca\/fr\/produits-et-services\/solins-et-moulures\/","name":"Solins et moulures - DM Metals","isPartOf":{"@id":"https:\/\/dmmetals.ca\/#website"},"datePublished":"2016-10-31T20:23:17+00:00","dateModified":"2017-04-30T23:13:54+00:00","breadcrumb":{"@id":"https:\/\/dmmetals.ca\/fr\/produits-et-services\/solins-et-moulures\/#breadcrumb"},"inLanguage":"fr-FR","potentialAction":[{"@type":"ReadAction","target":["https:\/\/dmmetals.ca\/fr\/produits-et-services\/solins-et-moulures\/"]}]},{"@type":"BreadcrumbList","@id":"https:\/\/dmmetals.ca\/fr\/produits-et-services\/solins-et-moulures\/#breadcrumb","itemListElement":[{"@type":"ListItem","position":1,"name":"Accueil","item":"https:\/\/dmmetals.ca\/fr\/"},{"@type":"ListItem","position":2,"name":"Produits et Services","item":"https:\/\/dmmetals.ca\/fr\/produits-et-services\/"},{"@type":"ListItem","position":3,"name":"Solins et moulures"}]},{"@type":"WebSite","@id":"https:\/\/dmmetals.ca\/#website","url":"https:\/\/dmmetals.ca\/","name":"DM Metals","description":"Anodized Aluminum, Flashing, Trim, Metal Roofing and Cladding","potentialAction":[{"@type":"SearchAction","target":{"@type":"EntryPoint","urlTemplate":"https:\/\/dmmetals.ca\/?s={search_term_string}"},"query-input":{"@type":"PropertyValueSpecification","valueRequired":true,"valueName":"search_term_string"}}],"inLanguage":"fr-FR"}]}},"_links":{"self":[{"href":"https:\/\/dmmetals.ca\/fr\/wp-json\/wp\/v2\/pages\/26","targetHints":{"allow":["GET"]}}],"collection":[{"href":"https:\/\/dmmetals.ca\/fr\/wp-json\/wp\/v2\/pages"}],"about":[{"href":"https:\/\/dmmetals.ca\/fr\/wp-json\/wp\/v2\/types\/page"}],"author":[{"embeddable":true,"href":"https:\/\/dmmetals.ca\/fr\/wp-json\/wp\/v2\/users\/14"}],"replies":[{"embeddable":true,"href":"https:\/\/dmmetals.ca\/fr\/wp-json\/wp\/v2\/comments?post=26"}],"version-history":[{"count":0,"href":"https:\/\/dmmetals.ca\/fr\/wp-json\/wp\/v2\/pages\/26\/revisions"}],"up":[{"embeddable":true,"href":"https:\/\/dmmetals.ca\/fr\/wp-json\/wp\/v2\/pages\/14"}],"wp:attachment":[{"href":"https:\/\/dmmetals.ca\/fr\/wp-json\/wp\/v2\/media?parent=26"}],"curies":[{"name":"wp","href":"https:\/\/api.w.org\/{rel}","templated":true}]}}