{"id":22,"date":"2016-10-31T21:19:27","date_gmt":"2016-10-31T20:19:27","guid":{"rendered":"https:\/\/dmmetals.ca\/?page_id=22"},"modified":"2017-04-30T19:13:53","modified_gmt":"2017-04-30T23:13:53","slug":"lentreprise","status":"publish","type":"page","link":"https:\/\/dmmetals.ca\/fr\/a-propos\/lentreprise\/","title":{"rendered":"L\u2019entreprise"},"content":{"rendered":"<div class=\"wpb-content-wrapper\"><p>[vc_row el_id=&#8221;Qui-Sommes-Nous&#8221;][vc_column animation_type=&#8221;fadeInUp&#8221;][vc_custom_heading text=&#8221;Qui Sommes-Nous &#8221; use_theme_fonts=&#8221;yes&#8221;][vc_column_text]<\/p>\n<p style=\"font-size: 18px; font-family: open sans; color: #41495b; line-height: 29px;\"><strong>D M Metals : Solins, moulures et produits de couverture \u00e0 Ottawa<\/strong><\/p>\n<p style=\"font-size: 14px; font-family: open sans; color: #41495b;\">Situ\u00e9 \u00e0 Ottawa, D M Metals est un fabricant et distributeur local de mat\u00e9riaux de couverture en m\u00e9tal et en aluminium. Fond\u00e9 en 1993, Dennis Martin, propri\u00e9taire, et son \u00e9quipe ont accumul\u00e9 plus de 100 ans d\u2019exp\u00e9rience en fabrication de solins et de moulures pour des entrepreneurs g\u00e9n\u00e9raux, des entrepreneurs de ma\u00e7onnerie et des entrepreneurs de couverture et de bardage. Notre objectif est de fournir \u00e0 nos clients les produits en acier rentables et de haute qualit\u00e9 dont ils ont besoin, toujours dans les d\u00e9lais impartis.<\/p>\n<p>[\/vc_column_text][\/vc_column][\/vc_row][vc_row full_width=&#8221;stretch_row&#8221; el_id=&#8221;Qui-Sommes-Nous&#8221;][vc_column animation_delay=&#8221;200&#8243; animation_type=&#8221;fadeInUp&#8221;][vc_column_text]<\/p>\n<p style=\"font-size: 18px; font-family: open sans; color: #41495b; line-height: 29px;\"><strong>R\u00e9ussissez votre travail de couverture du premier coup<\/strong><\/p>\n<p style=\"font-size: 14px; font-family: open sans; color: #41495b;\">Avec sa vaste gamme de produits de couverture, D M Metals vous aide \u00e0 r\u00e9duire le temps consacr\u00e9 \u00e0 la recherche des mat\u00e9riaux dont vous avez besoin et \u00e0 augmenter le temps pass\u00e9 sur le lieu de travail. Nous offrons solins et moulures, couvertures et bardages en m\u00e9tal, persiennes, ouvrants de fa\u00eetage, panneaux de m\u00e9tal, chapeaux de chemin\u00e9e et une multitude d\u2019autres mat\u00e9riaux de couverture. Notre \u00e9quipe exp\u00e9riment\u00e9e est toujours pr\u00eate \u00e0 vous fournir les caract\u00e9ristiques et les prix des produits que nous vendons.<\/p>\n<p>[\/vc_column_text][\/vc_column][\/vc_row][vc_row el_id=&#8221;Qui-Sommes-Nous&#8221;][vc_column animation_delay=&#8221;300&#8243; animation_type=&#8221;fadeInUp&#8221;][vc_column_text]<\/p>\n<p style=\"font-size: 18px; font-family: open sans; color: #41495b; line-height: 29px;\"><strong>Pr\u00eats \u00e0 combler vos besoins de fabrication<\/strong><\/p>\n<p style=\"font-size: 14px; font-family: open sans; color: #41495b;\">D M Metals dispose d&#8217;une gamme compl\u00e8te de composants de solins qui lui permet d\u2019accomplir n\u2019importe quel projet. \u00c0 l\u2019aide de machines de pr\u00e9cision, notre service de fabrication produit les mat\u00e9riaux de couverture destin\u00e9s \u00e0 n\u2019importe quel type de b\u00e2timent, de la nouvelle maison \u00e0 l\u2019entrep\u00f4t commercial. Nos solins en m\u00e9tal fabriqu\u00e9s sur mesure ont aid\u00e9 \u00e0 \u00e9tanch\u00e9iser le toit de bien des maisons d\u2019Ottawa, de Gatineau et de Hull.<\/p>\n<p>[\/vc_column_text][\/vc_column][\/vc_row][vc_row full_width=&#8221;stretch_row&#8221; el_id=&#8221;Leadership&#8221; css=&#8221;.vc_custom_1478751001536{background-color: #d1d5de !important;}&#8221;][vc_column][vc_separator border_width=&#8221;5&#8243;][vc_custom_heading text=&#8221;Leadership&#8221; use_theme_fonts=&#8221;yes&#8221;][vc_row_inner][vc_column_inner width=&#8221;1\/2&#8243; animation_type=&#8221;fadeInUp&#8221;]<div class=\"porto-image-frame \"><span class=\"thumb-info align-center thumb-info-centered-info thumb-info-no-borders\"><span class=\"thumb-info-wrapper\"><img decoding=\"async\" alt=\"\" src=\"\/\/dmmetals.ca\/wp-content\/uploads\/2016\/10\/Vincent.jpg\" class=\"img-responsive\"><span class=\"thumb-info-title\"><span class=\"thumb-info-type\">VINCENT - <small>FOUNDER<\/small><\/span><\/span><\/span><span class=\"thumb-info-caption\"><span class=\"thumb-info-caption-text\">Lorem ipsum dolor sit amet, consectetur adipiscing elit. Quisque rutrum pellentesque imperdiet. Nulla lacinia iaculis nulla.<\/span><\/span><\/span><\/div>[\/vc_column_inner][vc_column_inner width=&#8221;1\/2&#8243; animation_type=&#8221;fadeInUp&#8221;]<div class=\"porto-image-frame \"><span class=\"thumb-info thumb-info-centered-info thumb-info-no-borders\"><span class=\"thumb-info-wrapper\"><img decoding=\"async\" alt=\"\" src=\"\/\/dmmetals.ca\/wp-content\/uploads\/2016\/10\/Jessyka.jpg\" class=\"img-responsive\"><span class=\"thumb-info-title\"><span class=\"thumb-info-type\">Jessyka - <small>PRESIDENT<\/small><\/span><\/span><\/span><span class=\"thumb-info-caption\"><span class=\"thumb-info-caption-text\">Lorem ipsum dolor sit amet, consectetur adipiscing elit. Quisque rutrum pellentesque imperdiet. Nulla lacinia iaculis nulla.<\/span><\/span><\/span><\/div>[\/vc_column_inner][\/vc_row_inner]<div class=\"ult-spacer spacer-69f751bd4f306\" data-id=\"69f751bd4f306\" data-height=\"40\" data-height-mobile=\"40\" data-height-tab=\"40\" data-height-tab-portrait=\"\" data-height-mobile-landscape=\"\" style=\"clear:both;display:block;\"><\/div>[\/vc_column][\/vc_row][vc_row full_width=&#8221;stretch_row&#8221; el_id=&#8221;equipe&#8221;][vc_column][vc_separator border_width=&#8221;5&#8243;][vc_custom_heading text=&#8221;Notre \u00e9quipe &#8221; use_theme_fonts=&#8221;yes&#8221;][vc_single_image image=&#8221;845&#8243; img_size=&#8221;full&#8221; alignment=&#8221;center&#8221;][\/vc_column][\/vc_row][vc_row full_width=&#8221;stretch_row&#8221; el_id=&#8221;Fournisseurs&#8221; animation_type=&#8221;fadeInUp&#8221; css=&#8221;.vc_custom_1491574399863{background-color: #d1d5de !important;}&#8221;][vc_column][vc_separator border_width=&#8221;5&#8243;][vc_custom_heading text=&#8221;Fournisseurs&#8221; use_theme_fonts=&#8221;yes&#8221;]<div class=\"porto-carousel owl-carousel  stage-margin\" data-plugin-options=\"{&quot;stagePadding&quot;:40,&quot;margin&quot;:25,&quot;autoplay&quot;:false,&quot;autoplayTimeout&quot;:5000,&quot;autoplayHoverPause&quot;:false,&quot;items&quot;:5,&quot;lg&quot;:3,&quot;md&quot;:3,&quot;sm&quot;:1,&quot;xs&quot;:1,&quot;nav&quot;:false,&quot;dots&quot;:false,&quot;animateIn&quot;:&quot;&quot;,&quot;animateOut&quot;:&quot;&quot;,&quot;loop&quot;:false,&quot;center&quot;:false,&quot;video&quot;:false,&quot;lazyLoad&quot;:false,&quot;fullscreen&quot;:false}\">[vc_single_image source=&#8221;external_link&#8221; alignment=&#8221;center&#8221; onclick=&#8221;custom_link&#8221; custom_src=&#8221;https:\/\/dmmetals.ca\/wp-content\/uploads\/2017\/04\/gentek_logo.png&#8221; link=&#8221;http:\/\/www.gentek.ca\/en\/Index.aspx&#8221;][vc_single_image source=&#8221;external_link&#8221; alignment=&#8221;center&#8221; onclick=&#8221;custom_link&#8221; custom_src=&#8221;https:\/\/dmmetals.ca\/wp-content\/uploads\/2017\/04\/VicWest_logo.png&#8221; label=&#8221;&#8221; link=&#8221;https:\/\/vicwest.com\/&#8221;][vc_single_image source=&#8221;external_link&#8221; alignment=&#8221;center&#8221; onclick=&#8221;custom_link&#8221; custom_src=&#8221;https:\/\/dmmetals.ca\/wp-content\/uploads\/2017\/04\/Kaycan_logo.png&#8221; link=&#8221;http:\/\/www.kaycan.com\/&#8221;][vc_single_image source=&#8221;external_link&#8221; onclick=&#8221;custom_link&#8221; custom_src=&#8221;https:\/\/dmmetals.ca\/wp-content\/uploads\/2017\/04\/Ideal-Roofing_logo.png&#8221; link=&#8221;http:\/\/www.idealroofing.ca\/english_canada\/html\/products.php?ct=DFGSDFHSFG05&#8243;][vc_single_image source=&#8221;external_link&#8221; onclick=&#8221;custom_link&#8221; custom_src=&#8221;https:\/\/dmmetals.ca\/wp-content\/uploads\/2017\/04\/agway-logo.png&#8221; link=&#8221;http:\/\/www.agwaymetals.com\/&#8221;]<\/div><div class=\"ult-spacer spacer-69f751bd4f407\" data-id=\"69f751bd4f407\" data-height=\"40\" data-height-mobile=\"40\" data-height-tab=\"40\" data-height-tab-portrait=\"\" data-height-mobile-landscape=\"\" style=\"clear:both;display:block;\"><\/div>[\/vc_column][\/vc_row]<\/p>\n<\/div>","protected":false},"excerpt":{"rendered":"<p>[vc_row el_id=&#8221;Qui-Sommes-Nous&#8221;][vc_column animation_type=&#8221;fadeInUp&#8221;][vc_custom_heading text=&#8221;Qui Sommes-Nous &#8221; use_theme_fonts=&#8221;yes&#8221;][vc_column_text] D M Metals : Solins, moulures et produits de couverture \u00e0 Ottawa Situ\u00e9 \u00e0 Ottawa, D M Metals est un fabricant et distributeur local de mat\u00e9riaux de couverture en m\u00e9tal et en aluminium. Fond\u00e9 en 1993, Dennis Martin, propri\u00e9taire, et son \u00e9quipe ont accumul\u00e9 plus de 100 ans [&hellip;]<\/p>\n","protected":false},"author":14,"featured_media":0,"parent":12,"menu_order":0,"comment_status":"closed","ping_status":"closed","template":"","meta":{"inline_featured_image":false,"footnotes":""},"class_list":["post-22","page","type-page","status-publish","hentry"],"yoast_head":"<!-- This site is optimized with the Yoast SEO Premium plugin v27.4 (Yoast SEO v27.4) - https:\/\/yoast.com\/product\/yoast-seo-premium-wordpress\/ -->\n<title>L\u2019entreprise - DM Metals<\/title>\n<meta name=\"robots\" content=\"index, follow, max-snippet:-1, max-image-preview:large, max-video-preview:-1\" \/>\n<link rel=\"canonical\" href=\"https:\/\/dmmetals.ca\/fr\/a-propos\/lentreprise\/\" \/>\n<meta property=\"og:locale\" content=\"fr_FR\" \/>\n<meta property=\"og:type\" content=\"article\" \/>\n<meta property=\"og:title\" content=\"L\u2019entreprise\" \/>\n<meta property=\"og:description\" content=\"[vc_row el_id=&#8221;Qui-Sommes-Nous&#8221;][vc_column animation_type=&#8221;fadeInUp&#8221;][vc_custom_heading text=&#8221;Qui Sommes-Nous &#8221; use_theme_fonts=&#8221;yes&#8221;][vc_column_text] D M Metals : Solins, moulures et produits de couverture \u00e0 Ottawa Situ\u00e9 \u00e0 Ottawa, D M Metals est un fabricant et distributeur local de mat\u00e9riaux de couverture en m\u00e9tal et en aluminium. Fond\u00e9 en 1993, Dennis Martin, propri\u00e9taire, et son \u00e9quipe ont accumul\u00e9 plus de 100 ans [&hellip;]\" \/>\n<meta property=\"og:url\" content=\"https:\/\/dmmetals.ca\/fr\/a-propos\/lentreprise\/\" \/>\n<meta property=\"og:site_name\" content=\"DM Metals\" \/>\n<meta property=\"article:modified_time\" content=\"2017-04-30T23:13:53+00:00\" \/>\n<meta name=\"twitter:card\" content=\"summary_large_image\" \/>\n<meta name=\"twitter:label1\" content=\"Dur\u00e9e de lecture estim\u00e9e\" \/>\n\t<meta name=\"twitter:data1\" content=\"4 minutes\" \/>\n<script type=\"application\/ld+json\" class=\"yoast-schema-graph\">{\"@context\":\"https:\\\/\\\/schema.org\",\"@graph\":[{\"@type\":\"WebPage\",\"@id\":\"https:\\\/\\\/dmmetals.ca\\\/fr\\\/a-propos\\\/lentreprise\\\/\",\"url\":\"https:\\\/\\\/dmmetals.ca\\\/fr\\\/a-propos\\\/lentreprise\\\/\",\"name\":\"L\u2019entreprise - DM Metals\",\"isPartOf\":{\"@id\":\"https:\\\/\\\/dmmetals.ca\\\/#website\"},\"datePublished\":\"2016-10-31T20:19:27+00:00\",\"dateModified\":\"2017-04-30T23:13:53+00:00\",\"breadcrumb\":{\"@id\":\"https:\\\/\\\/dmmetals.ca\\\/fr\\\/a-propos\\\/lentreprise\\\/#breadcrumb\"},\"inLanguage\":\"fr-FR\",\"potentialAction\":[{\"@type\":\"ReadAction\",\"target\":[\"https:\\\/\\\/dmmetals.ca\\\/fr\\\/a-propos\\\/lentreprise\\\/\"]}]},{\"@type\":\"BreadcrumbList\",\"@id\":\"https:\\\/\\\/dmmetals.ca\\\/fr\\\/a-propos\\\/lentreprise\\\/#breadcrumb\",\"itemListElement\":[{\"@type\":\"ListItem\",\"position\":1,\"name\":\"Accueil\",\"item\":\"https:\\\/\\\/dmmetals.ca\\\/fr\\\/\"},{\"@type\":\"ListItem\",\"position\":2,\"name\":\"\u00c0 Propos\",\"item\":\"https:\\\/\\\/dmmetals.ca\\\/fr\\\/a-propos\\\/\"},{\"@type\":\"ListItem\",\"position\":3,\"name\":\"L\u2019entreprise\"}]},{\"@type\":\"WebSite\",\"@id\":\"https:\\\/\\\/dmmetals.ca\\\/#website\",\"url\":\"https:\\\/\\\/dmmetals.ca\\\/\",\"name\":\"DM Metals\",\"description\":\"Anodized Aluminum, Flashing, Trim, Metal Roofing and Cladding\",\"potentialAction\":[{\"@type\":\"SearchAction\",\"target\":{\"@type\":\"EntryPoint\",\"urlTemplate\":\"https:\\\/\\\/dmmetals.ca\\\/?s={search_term_string}\"},\"query-input\":{\"@type\":\"PropertyValueSpecification\",\"valueRequired\":true,\"valueName\":\"search_term_string\"}}],\"inLanguage\":\"fr-FR\"}]}<\/script>\n<!-- \/ Yoast SEO Premium plugin. -->","yoast_head_json":{"title":"L\u2019entreprise - DM Metals","robots":{"index":"index","follow":"follow","max-snippet":"max-snippet:-1","max-image-preview":"max-image-preview:large","max-video-preview":"max-video-preview:-1"},"canonical":"https:\/\/dmmetals.ca\/fr\/a-propos\/lentreprise\/","og_locale":"fr_FR","og_type":"article","og_title":"L\u2019entreprise","og_description":"[vc_row el_id=&#8221;Qui-Sommes-Nous&#8221;][vc_column animation_type=&#8221;fadeInUp&#8221;][vc_custom_heading text=&#8221;Qui Sommes-Nous &#8221; use_theme_fonts=&#8221;yes&#8221;][vc_column_text] D M Metals : Solins, moulures et produits de couverture \u00e0 Ottawa Situ\u00e9 \u00e0 Ottawa, D M Metals est un fabricant et distributeur local de mat\u00e9riaux de couverture en m\u00e9tal et en aluminium. Fond\u00e9 en 1993, Dennis Martin, propri\u00e9taire, et son \u00e9quipe ont accumul\u00e9 plus de 100 ans [&hellip;]","og_url":"https:\/\/dmmetals.ca\/fr\/a-propos\/lentreprise\/","og_site_name":"DM Metals","article_modified_time":"2017-04-30T23:13:53+00:00","twitter_card":"summary_large_image","twitter_misc":{"Dur\u00e9e de lecture estim\u00e9e":"4 minutes"},"schema":{"@context":"https:\/\/schema.org","@graph":[{"@type":"WebPage","@id":"https:\/\/dmmetals.ca\/fr\/a-propos\/lentreprise\/","url":"https:\/\/dmmetals.ca\/fr\/a-propos\/lentreprise\/","name":"L\u2019entreprise - DM Metals","isPartOf":{"@id":"https:\/\/dmmetals.ca\/#website"},"datePublished":"2016-10-31T20:19:27+00:00","dateModified":"2017-04-30T23:13:53+00:00","breadcrumb":{"@id":"https:\/\/dmmetals.ca\/fr\/a-propos\/lentreprise\/#breadcrumb"},"inLanguage":"fr-FR","potentialAction":[{"@type":"ReadAction","target":["https:\/\/dmmetals.ca\/fr\/a-propos\/lentreprise\/"]}]},{"@type":"BreadcrumbList","@id":"https:\/\/dmmetals.ca\/fr\/a-propos\/lentreprise\/#breadcrumb","itemListElement":[{"@type":"ListItem","position":1,"name":"Accueil","item":"https:\/\/dmmetals.ca\/fr\/"},{"@type":"ListItem","position":2,"name":"\u00c0 Propos","item":"https:\/\/dmmetals.ca\/fr\/a-propos\/"},{"@type":"ListItem","position":3,"name":"L\u2019entreprise"}]},{"@type":"WebSite","@id":"https:\/\/dmmetals.ca\/#website","url":"https:\/\/dmmetals.ca\/","name":"DM Metals","description":"Anodized Aluminum, Flashing, Trim, Metal Roofing and Cladding","potentialAction":[{"@type":"SearchAction","target":{"@type":"EntryPoint","urlTemplate":"https:\/\/dmmetals.ca\/?s={search_term_string}"},"query-input":{"@type":"PropertyValueSpecification","valueRequired":true,"valueName":"search_term_string"}}],"inLanguage":"fr-FR"}]}},"_links":{"self":[{"href":"https:\/\/dmmetals.ca\/fr\/wp-json\/wp\/v2\/pages\/22","targetHints":{"allow":["GET"]}}],"collection":[{"href":"https:\/\/dmmetals.ca\/fr\/wp-json\/wp\/v2\/pages"}],"about":[{"href":"https:\/\/dmmetals.ca\/fr\/wp-json\/wp\/v2\/types\/page"}],"author":[{"embeddable":true,"href":"https:\/\/dmmetals.ca\/fr\/wp-json\/wp\/v2\/users\/14"}],"replies":[{"embeddable":true,"href":"https:\/\/dmmetals.ca\/fr\/wp-json\/wp\/v2\/comments?post=22"}],"version-history":[{"count":0,"href":"https:\/\/dmmetals.ca\/fr\/wp-json\/wp\/v2\/pages\/22\/revisions"}],"up":[{"embeddable":true,"href":"https:\/\/dmmetals.ca\/fr\/wp-json\/wp\/v2\/pages\/12"}],"wp:attachment":[{"href":"https:\/\/dmmetals.ca\/fr\/wp-json\/wp\/v2\/media?parent=22"}],"curies":[{"name":"wp","href":"https:\/\/api.w.org\/{rel}","templated":true}]}}