{"id":18,"date":"2016-10-31T21:17:00","date_gmt":"2016-10-31T20:17:00","guid":{"rendered":"https:\/\/dmmetals.ca\/?page_id=18"},"modified":"2021-07-22T14:29:02","modified_gmt":"2021-07-22T18:29:02","slug":"nous-joindre","status":"publish","type":"page","link":"https:\/\/dmmetals.ca\/fr\/nous-joindre\/","title":{"rendered":"Nous joindre"},"content":{"rendered":"<div class=\"wpb-content-wrapper\"><p>[vc_row][vc_column][vc_column_text]<\/p>\n<h2><span style=\"color: #000000; font-family: open sans !important; font-size: 16px;\"><strong>D M Metals: le fournisseur des entrepreneurs de couverture d\u2019Ottawa<\/strong><\/span><\/h2>\n<p><span style=\"color: #41495b; font-family: open sans !important; font-size: 15px;\">Depuis 1993, D M Metals travaille fort pour d\u00e9velopper des relations avec de nombreux entrepreneurs et propri\u00e9taires de maison d\u2019Ottawa et des environs. Nous esp\u00e9rons pouvoir combler tous vos besoins en mati\u00e8re de couverture en m\u00e9tal et d\u2019accessoires en vous offrant un temps d\u2019ex\u00e9cution rapide, une qualit\u00e9 constante et des prix concurrentiels.<\/span><\/p>\n<p><span style=\"color: #41495b; font-family: open sans; font-size: 14px;\">Si vous avez des questions \u00e0 propos de nos produits ou services, veuillez utiliser le formulaire <span style=\"color: #bf152d;\"><strong>ci-dessous<\/strong><\/span>. Vous pouvez aussi nous appeler ou passer \u00e0 l\u2019atelier pour voir nos produits.<\/span>[\/vc_column_text][\/vc_column][\/vc_row][vc_row el_id=&#8221;Nous-joindre&#8221;][vc_column width=&#8221;1\/4&#8243;][vc_custom_heading text=&#8221;Informations&#8221; font_container=&#8221;tag:h3|font_size:20px|text_align:left|color:%23bf152d|line_height:24px&#8221; use_theme_fonts=&#8221;yes&#8221; skin=&#8221;primary&#8221; show_border=&#8221;yes&#8221; border_skin=&#8221;quaternary&#8221; border_size=&#8221;xs&#8221;]<div class=\"uavc-list-icon uavc-list-icon-wrapper ult-adjust-bottom-margin   \"><ul class=\"uavc-list\"><li><div class=\"uavc-list-content\" id=\"list-icon-wrap-6522\">\n<div class=\"uavc-list-icon  \" data-animation=\"\" data-animation-delay=\"03\" style=\"margin-right:14px;\"><div class=\"ult-just-icon-wrapper  \"><div class=\"align-icon\" style=\"text-align:center;\">\n<div class=\"aio-icon circle \"  style=\"color:#ffffff;background:#bf152d;font-size:14px;display:inline-block;\">\n\t<i class=\"Defaults-map-marker\"><\/i>\n<\/div><\/div><\/div>\n<\/div><span  data-ultimate-target='#list-icon-wrap-6522 .uavc-list-desc'  data-responsive-json-new='{\"font-size\":\"\",\"line-height\":\"\"}'  class=\"uavc-list-desc ult-responsive\" style=\"\"><\/p>\n<div>1604, rue Michael,<\/div>\n<div>Ottawa, Ontario<\/div>\n<div>K1B 3T7<\/div>\n<p><\/span><\/div><\/li><li><div class=\"uavc-list-content\" id=\"list-icon-wrap-7586\">\n<div class=\"uavc-list-icon  \" data-animation=\"\" data-animation-delay=\"03\" style=\"margin-right:14px;\"><div class=\"ult-just-icon-wrapper  \"><div class=\"align-icon\" style=\"text-align:center;\">\n<div class=\"aio-icon circle \"  style=\"color:#ffffff;background:#bf152d;font-size:14px;display:inline-block;\">\n\t<i class=\"Defaults-phone\"><\/i>\n<\/div><\/div><\/div>\n<\/div><span  data-ultimate-target='#list-icon-wrap-7586 .uavc-list-desc'  data-responsive-json-new='{\"font-size\":\"\",\"line-height\":\"\"}'  class=\"uavc-list-desc ult-responsive\" style=\"\"><a href=\"tel:613-744-2977\">(613) 744-2977<\/a><\/span><\/div><\/li><li><div class=\"uavc-list-content\" id=\"list-icon-wrap-7508\">\n<div class=\"uavc-list-icon  \" data-animation=\"\" data-animation-delay=\"03\" style=\"margin-right:14px;\"><div class=\"ult-just-icon-wrapper  \"><div class=\"align-icon\" style=\"text-align:center;\">\n<div class=\"aio-icon circle \"  style=\"color:#ffffff;background:#bf152d;font-size:14px;display:inline-block;\">\n\t<i class=\"Defaults-envelope\"><\/i>\n<\/div><\/div><\/div>\n<\/div><span  data-ultimate-target='#list-icon-wrap-7508 .uavc-list-desc'  data-responsive-json-new='{\"font-size\":\"\",\"line-height\":\"\"}'  class=\"uavc-list-desc ult-responsive\" style=\"\"><a href=\"mailto:info@dmmetals.ca\">info@dmmetals.ca<\/a><\/span><\/div><\/li><\/ul><\/div>[vc_custom_heading text=&#8221;Heures d&#8217;ouverture&#8221; font_container=&#8221;tag:h3|font_size:20px|text_align:left|color:%23bf152d|line_height:24px&#8221; use_theme_fonts=&#8221;yes&#8221; skin=&#8221;primary&#8221; show_border=&#8221;yes&#8221; border_skin=&#8221;quaternary&#8221; border_size=&#8221;xs&#8221;]<div class=\"uavc-list-icon uavc-list-icon-wrapper ult-adjust-bottom-margin   \"><ul class=\"uavc-list\"><li><div class=\"uavc-list-content\" id=\"list-icon-wrap-6142\">\n<div class=\"uavc-list-icon  \" data-animation=\"\" data-animation-delay=\"03\" style=\"margin-right:14px;\"><div class=\"ult-just-icon-wrapper  \"><div class=\"align-icon\" style=\"text-align:center;\">\n<div class=\"aio-icon circle \"  style=\"color:#ffffff;background:#bf152d;font-size:14px;display:inline-block;\">\n\t<i class=\"Defaults-clock-o\"><\/i>\n<\/div><\/div><\/div>\n<\/div><span  data-ultimate-target='#list-icon-wrap-6142 .uavc-list-desc'  data-responsive-json-new='{\"font-size\":\"\",\"line-height\":\"\"}'  class=\"uavc-list-desc ult-responsive\" style=\"\">Lundi au vendredi : 7h30-12h, 12h30-16h30<\/span><\/div><\/li><li><div class=\"uavc-list-content\" id=\"list-icon-wrap-3730\">\n<div class=\"uavc-list-icon  \" data-animation=\"\" data-animation-delay=\"03\" style=\"margin-right:14px;\"><div class=\"ult-just-icon-wrapper  \"><div class=\"align-icon\" style=\"text-align:center;\">\n<div class=\"aio-icon circle \"  style=\"color:#ffffff;background:#bf152d;font-size:14px;display:inline-block;\">\n\t<i class=\"Defaults-clock-o\"><\/i>\n<\/div><\/div><\/div>\n<\/div><span  data-ultimate-target='#list-icon-wrap-3730 .uavc-list-desc'  data-responsive-json-new='{\"font-size\":\"\",\"line-height\":\"\"}'  class=\"uavc-list-desc ult-responsive\" style=\"\">Samedi et dimanche : Ferm\u00e9<\/span><\/div><\/li><\/ul><\/div>[\/vc_column][vc_column width=&#8221;1\/2&#8243;]\n<div class=\"wpcf7 no-js\" id=\"wpcf7-f4-o1\" lang=\"fr-FR\" dir=\"ltr\" data-wpcf7-id=\"4\">\n<div class=\"screen-reader-response\"><p role=\"status\" aria-live=\"polite\" aria-atomic=\"true\"><\/p> <ul><\/ul><\/div>\n<form action=\"\/fr\/wp-json\/wp\/v2\/pages\/18#wpcf7-f4-o1\" method=\"post\" class=\"wpcf7-form init\" aria-label=\"Formulaire de contact\" novalidate=\"novalidate\" data-status=\"init\">\n<fieldset class=\"hidden-fields-container\"><input type=\"hidden\" name=\"_wpcf7\" value=\"4\" \/><input type=\"hidden\" name=\"_wpcf7_version\" value=\"6.1.5\" \/><input type=\"hidden\" name=\"_wpcf7_locale\" value=\"fr_FR\" \/><input type=\"hidden\" name=\"_wpcf7_unit_tag\" value=\"wpcf7-f4-o1\" \/><input type=\"hidden\" name=\"_wpcf7_container_post\" value=\"0\" \/><input type=\"hidden\" name=\"_wpcf7_posted_data_hash\" value=\"\" \/><input type=\"hidden\" name=\"_wpcf7_recaptcha_response\" value=\"\" \/>\n<\/fieldset>\n<div class=\"row\">\n\t<div class=\"col-md-12\">\n\t\t<div class=\"form-group\">\n\t\t\t<p><span class=\"wpcf7-form-control-wrap\" data-name=\"your-name\"><input size=\"40\" maxlength=\"400\" class=\"wpcf7-form-control wpcf7-text wpcf7-validates-as-required form-control\" id=\"contact-name\" aria-required=\"true\" aria-invalid=\"false\" placeholder=\"Nom\" value=\"\" type=\"text\" name=\"your-name\" \/><\/span>\n\t\t\t<\/p>\n\t\t<\/div>\n\t<\/div>\n\t<div class=\"col-md-12\">\n\t\t<div class=\"form-group\">\n\t\t\t<p><span class=\"wpcf7-form-control-wrap\" data-name=\"your-email\"><input size=\"40\" maxlength=\"400\" class=\"wpcf7-form-control wpcf7-email wpcf7-validates-as-required wpcf7-text wpcf7-validates-as-email form-control\" id=\"contact-email\" aria-required=\"true\" aria-invalid=\"false\" placeholder=\"Courriel\" value=\"\" type=\"email\" name=\"your-email\" \/><\/span>\n\t\t\t<\/p>\n\t\t<\/div>\n\t<\/div>\n\t<div class=\"col-md-12\">\n\t\t<div class=\"form-group\">\n\t\t\t<p><span class=\"wpcf7-form-control-wrap\" data-name=\"your-subject\"><input size=\"40\" maxlength=\"400\" class=\"wpcf7-form-control wpcf7-text form-control\" id=\"contact-subject\" aria-invalid=\"false\" placeholder=\"Sujet\" value=\"\" type=\"text\" name=\"your-subject\" \/><\/span>\n\t\t\t<\/p>\n\t\t<\/div>\n\t<\/div>\n\t<div class=\"col-md-12\">\n\t\t<div class=\"form-group\">\n\t\t\t<p><span class=\"wpcf7-form-control-wrap\" data-name=\"your-message\"><textarea cols=\"40\" rows=\"7\" maxlength=\"2000\" class=\"wpcf7-form-control wpcf7-textarea form-control\" id=\"contact-message\" aria-invalid=\"false\" placeholder=\"Message\" name=\"your-message\"><\/textarea><\/span>\n\t\t\t<\/p>\n\t\t<\/div>\n\t<\/div>\n\t<div class=\"col-md-12 text-center\">\n\t\t<div class=\"form-group\">\n\t\t\t<p><input class=\"wpcf7-form-control wpcf7-submit has-spinner btn btn-primary btn-lg\" type=\"submit\" value=\"Envoyer message\" \/>\n\t\t\t<\/p>\n\t\t<\/div>\n\t<\/div>\n<\/div><input type=\"hidden\" id=\"ct_checkjs_cf7_389bc7bb1e1c2a5e7e147703232a88f6\" name=\"ct_checkjs_cf7\" value=\"0\" \/><script >setTimeout(function(){var ct_input_name = \"ct_checkjs_cf7_389bc7bb1e1c2a5e7e147703232a88f6\";if (document.getElementById(ct_input_name) !== null) {var ct_input_value = document.getElementById(ct_input_name).value;document.getElementById(ct_input_name).value = document.getElementById(ct_input_name).value.replace(ct_input_value, '1966521246');}}, 1000);<\/script><input\n                    class=\"apbct_special_field apbct_email_id__wp_contact_form_7\"\n                    name=\"apbct__email_id__wp_contact_form_7\"\n                    aria-label=\"apbct__label_id__wp_contact_form_7\"\n                    type=\"text\" size=\"30\" maxlength=\"200\" autocomplete=\"off\"\n                    value=\"\"\n                \/><div class=\"wpcf7-response-output\" aria-hidden=\"true\"><\/div>\n<\/form>\n<\/div>\n[\/vc_column][vc_column width=&#8221;1\/4&#8243;]<div id='wrap_map_69f7537724ea5' class='ultimate-map-wrapper ult-adjust-bottom-margin ' style=' height:300px;'><div id='map_69f7537724ea5' data-map_override='0' class='ultimate_google_map wpb_content_element ' style='width:100%;height:300px;'><\/div><\/div><script type='text\/javascript'>\n\t\t\t(function($) {\n  \t\t\t'use strict';\n\t\t\tvar map_map_69f7537724ea5 = null;\n\t\t\tvar coordinate_map_69f7537724ea5;\n\t\t\tvar isDraggable = $(document).width() > 641 ? true : true;\n\t\t\ttry\n\t\t\t{\n\t\t\t\tvar map_map_69f7537724ea5 = null;\n\t\t\t\tvar coordinate_map_69f7537724ea5;\n\t\t\t\tcoordinate_map_69f7537724ea5=new google.maps.LatLng( 45.4097414,  -75.6259696);\n\t\t\t\tvar mapOptions=\n\t\t\t\t{\n\t\t\t\t\tzoom: 16,\n\t\t\t\t\tcenter: coordinate_map_69f7537724ea5,\n\t\t\t\t\tscaleControl: true,\n\t\t\t\t\tstreetViewControl: false,\n\t\t\t\t\tmapTypeControl: false,\n\t\t\t\t\tpanControl: false,\n\t\t\t\t\tzoomControl: false,\n\t\t\t\t\tscrollwheel: false,\n\t\t\t\t\tdraggable: isDraggable,\n\t\t\t\t\tzoomControlOptions: {\n\t\t\t\t\t\tposition: google.maps.ControlPosition.RIGHT_BOTTOM\n\t\t\t\t\t},mapTypeId: google.maps.MapTypeId.ROADMAP,};var map_map_69f7537724ea5 = new google.maps.Map(document.getElementById('map_69f7537724ea5'),mapOptions);\n\t\t\t\t\t\tvar x = 'infowindow_open_value';\n\t\t\t\t\t\tvar marker_map_69f7537724ea5 = new google.maps.Marker({\n\t\t\t\t\t\tposition: new google.maps.LatLng( 45.4097414,  -75.6259696),\n\t\t\t\t\t\tanimation:  google.maps.Animation.DROP,\n\t\t\t\t\t\tmap: map_map_69f7537724ea5,\n\t\t\t\t\t\ticon: ''\n\t\t\t\t\t});\n\t\t\t\t\tgoogle.maps.event.addListener(marker_map_69f7537724ea5, 'click', toggleBounce);var infowindow = new google.maps.InfoWindow();\n\t\t\t\t\t\t\tinfowindow.setContent('<div class=\"map_info_text\" style=\\'color:#000;\\'><strong>DM Metals<\/strong><\/p> <p>1084 Kenaston St, Gloucester, ON K1B 3P5<\/div>');google.maps.event.addListener(marker_map_69f7537724ea5, 'click', function() {\n\t\t\t\t\t\t\t\tinfowindow.open(map_map_69f7537724ea5,marker_map_69f7537724ea5);\n\t\t\t\t\t\t  \t});}\n\t\t\tcatch(e){};\n\t\t\tjQuery(document).ready(function($){\n\t\t\t\tgoogle.maps.event.trigger(map_map_69f7537724ea5, 'resize');\n\t\t\t\t$(window).resize(function(){\n\t\t\t\t\tgoogle.maps.event.trigger(map_map_69f7537724ea5, 'resize');\n\t\t\t\t\tif(map_map_69f7537724ea5!=null)\n\t\t\t\t\t\tmap_map_69f7537724ea5.setCenter(coordinate_map_69f7537724ea5);\n\t\t\t\t});\n\t\t\t\t$('.ui-tabs').bind('tabsactivate', function(event, ui) {\n\t\t\t\t   if($(this).find('.ultimate-map-wrapper').length > 0)\n\t\t\t\t\t{\n\t\t\t\t\t\tsetTimeout(function(){\n\t\t\t\t\t\t\t$(window).trigger('resize');\n\t\t\t\t\t\t},200);\n\t\t\t\t\t}\n\t\t\t\t});\n\t\t\t\t$('.ui-accordion').bind('accordionactivate', function(event, ui) {\n\t\t\t\t   if($(this).find('.ultimate-map-wrapper').length > 0)\n\t\t\t\t\t{\n\t\t\t\t\t\tsetTimeout(function(){\n\t\t\t\t\t\t\t$(window).trigger('resize');\n\t\t\t\t\t\t},200);\n\t\t\t\t\t}\n\t\t\t\t});\n\t\t\t\t$(window).load(function(){\n\t\t\t\t\tsetTimeout(function(){\n\t\t\t\t\t\t$(window).trigger('resize');\n\t\t\t\t\t},200);\n\t\t\t\t});\n\t\t\t\t$('.ult_exp_section').select(function(){\n\t\t\t\t\tif($(map_map_69f7537724ea5).parents('.ult_exp_section'))\n\t\t\t\t\t{\n\t\t\t\t\t\tsetTimeout(function(){\n\t\t\t\t\t\t\t$(window).trigger('resize');\n\t\t\t\t\t\t},200);\n\t\t\t\t\t}\n\t\t\t\t});\n\t\t\t\t$(document).on('onUVCModalPopupOpen', function(){\n\t\t\t\t\tif($(map_map_69f7537724ea5).parents('.ult_modal-content'))\n\t\t\t\t\t{\n\t\t\t\t\t\tsetTimeout(function(){\n\t\t\t\t\t\t\t$(window).trigger('resize');\n\t\t\t\t\t\t},200);\n\t\t\t\t\t}\n\t\t\t\t});\n\t\t\t\t$(document).on('click','.ult_tab_li',function(){\n\t\t\t\t\t$(window).trigger('resize');\n\t\t\t\t\tsetTimeout(function(){\n\t\t\t\t\t\t$(window).trigger('resize');\n\t\t\t\t\t},200);\n\t\t\t\t});\n\t\t\t});\n\t\t\tfunction toggleBounce() {\n\t\t\t  if (marker_map_69f7537724ea5.getAnimation() != null) {\n\t\t\t\tmarker_map_69f7537724ea5.setAnimation(null);\n\t\t\t  } else {\n\t\t\t\tmarker_map_69f7537724ea5.setAnimation(google.maps.Animation.BOUNCE);\n\t\t\t  }\n\t\t\t}\n\t\t\t})(jQuery);\n\t\t\t<\/script>[\/vc_column][\/vc_row]<\/p>\n<\/div>","protected":false},"excerpt":{"rendered":"<p>[vc_row][vc_column][vc_column_text] D M Metals: le fournisseur des entrepreneurs de couverture d\u2019Ottawa Depuis 1993, D M Metals travaille fort pour d\u00e9velopper des relations avec de nombreux entrepreneurs et propri\u00e9taires de maison d\u2019Ottawa et des environs. Nous esp\u00e9rons pouvoir combler tous vos besoins en mati\u00e8re de couverture en m\u00e9tal et d\u2019accessoires en vous offrant un temps d\u2019ex\u00e9cution [&hellip;]<\/p>\n","protected":false},"author":14,"featured_media":0,"parent":0,"menu_order":0,"comment_status":"closed","ping_status":"closed","template":"","meta":{"inline_featured_image":false,"footnotes":""},"class_list":["post-18","page","type-page","status-publish","hentry"],"yoast_head":"<!-- This site is optimized with the Yoast SEO Premium plugin v27.4 (Yoast SEO v27.4) - https:\/\/yoast.com\/product\/yoast-seo-premium-wordpress\/ -->\n<title>Nous joindre - DM Metals<\/title>\n<meta name=\"robots\" content=\"index, follow, max-snippet:-1, max-image-preview:large, max-video-preview:-1\" \/>\n<link rel=\"canonical\" href=\"https:\/\/dmmetals.ca\/fr\/nous-joindre\/\" \/>\n<meta property=\"og:locale\" content=\"fr_FR\" \/>\n<meta property=\"og:type\" content=\"article\" \/>\n<meta property=\"og:title\" content=\"Nous joindre\" \/>\n<meta property=\"og:description\" content=\"[vc_row][vc_column][vc_column_text] D M Metals: le fournisseur des entrepreneurs de couverture d\u2019Ottawa Depuis 1993, D M Metals travaille fort pour d\u00e9velopper des relations avec de nombreux entrepreneurs et propri\u00e9taires de maison d\u2019Ottawa et des environs. Nous esp\u00e9rons pouvoir combler tous vos besoins en mati\u00e8re de couverture en m\u00e9tal et d\u2019accessoires en vous offrant un temps d\u2019ex\u00e9cution [&hellip;]\" \/>\n<meta property=\"og:url\" content=\"https:\/\/dmmetals.ca\/fr\/nous-joindre\/\" \/>\n<meta property=\"og:site_name\" content=\"DM Metals\" \/>\n<meta property=\"article:modified_time\" content=\"2021-07-22T18:29:02+00:00\" \/>\n<meta name=\"twitter:card\" content=\"summary_large_image\" \/>\n<meta name=\"twitter:label1\" content=\"Dur\u00e9e de lecture estim\u00e9e\" \/>\n\t<meta name=\"twitter:data1\" content=\"2 minutes\" \/>\n<script type=\"application\/ld+json\" class=\"yoast-schema-graph\">{\"@context\":\"https:\\\/\\\/schema.org\",\"@graph\":[{\"@type\":\"WebPage\",\"@id\":\"https:\\\/\\\/dmmetals.ca\\\/fr\\\/nous-joindre\\\/\",\"url\":\"https:\\\/\\\/dmmetals.ca\\\/fr\\\/nous-joindre\\\/\",\"name\":\"Nous joindre - DM Metals\",\"isPartOf\":{\"@id\":\"https:\\\/\\\/dmmetals.ca\\\/#website\"},\"datePublished\":\"2016-10-31T20:17:00+00:00\",\"dateModified\":\"2021-07-22T18:29:02+00:00\",\"breadcrumb\":{\"@id\":\"https:\\\/\\\/dmmetals.ca\\\/fr\\\/nous-joindre\\\/#breadcrumb\"},\"inLanguage\":\"fr-FR\",\"potentialAction\":[{\"@type\":\"ReadAction\",\"target\":[\"https:\\\/\\\/dmmetals.ca\\\/fr\\\/nous-joindre\\\/\"]}]},{\"@type\":\"BreadcrumbList\",\"@id\":\"https:\\\/\\\/dmmetals.ca\\\/fr\\\/nous-joindre\\\/#breadcrumb\",\"itemListElement\":[{\"@type\":\"ListItem\",\"position\":1,\"name\":\"Accueil\",\"item\":\"https:\\\/\\\/dmmetals.ca\\\/fr\\\/\"},{\"@type\":\"ListItem\",\"position\":2,\"name\":\"Nous joindre\"}]},{\"@type\":\"WebSite\",\"@id\":\"https:\\\/\\\/dmmetals.ca\\\/#website\",\"url\":\"https:\\\/\\\/dmmetals.ca\\\/\",\"name\":\"DM Metals\",\"description\":\"Anodized Aluminum, Flashing, Trim, Metal Roofing and Cladding\",\"potentialAction\":[{\"@type\":\"SearchAction\",\"target\":{\"@type\":\"EntryPoint\",\"urlTemplate\":\"https:\\\/\\\/dmmetals.ca\\\/?s={search_term_string}\"},\"query-input\":{\"@type\":\"PropertyValueSpecification\",\"valueRequired\":true,\"valueName\":\"search_term_string\"}}],\"inLanguage\":\"fr-FR\"}]}<\/script>\n<!-- \/ Yoast SEO Premium plugin. -->","yoast_head_json":{"title":"Nous joindre - DM Metals","robots":{"index":"index","follow":"follow","max-snippet":"max-snippet:-1","max-image-preview":"max-image-preview:large","max-video-preview":"max-video-preview:-1"},"canonical":"https:\/\/dmmetals.ca\/fr\/nous-joindre\/","og_locale":"fr_FR","og_type":"article","og_title":"Nous joindre","og_description":"[vc_row][vc_column][vc_column_text] D M Metals: le fournisseur des entrepreneurs de couverture d\u2019Ottawa Depuis 1993, D M Metals travaille fort pour d\u00e9velopper des relations avec de nombreux entrepreneurs et propri\u00e9taires de maison d\u2019Ottawa et des environs. Nous esp\u00e9rons pouvoir combler tous vos besoins en mati\u00e8re de couverture en m\u00e9tal et d\u2019accessoires en vous offrant un temps d\u2019ex\u00e9cution [&hellip;]","og_url":"https:\/\/dmmetals.ca\/fr\/nous-joindre\/","og_site_name":"DM Metals","article_modified_time":"2021-07-22T18:29:02+00:00","twitter_card":"summary_large_image","twitter_misc":{"Dur\u00e9e de lecture estim\u00e9e":"2 minutes"},"schema":{"@context":"https:\/\/schema.org","@graph":[{"@type":"WebPage","@id":"https:\/\/dmmetals.ca\/fr\/nous-joindre\/","url":"https:\/\/dmmetals.ca\/fr\/nous-joindre\/","name":"Nous joindre - DM Metals","isPartOf":{"@id":"https:\/\/dmmetals.ca\/#website"},"datePublished":"2016-10-31T20:17:00+00:00","dateModified":"2021-07-22T18:29:02+00:00","breadcrumb":{"@id":"https:\/\/dmmetals.ca\/fr\/nous-joindre\/#breadcrumb"},"inLanguage":"fr-FR","potentialAction":[{"@type":"ReadAction","target":["https:\/\/dmmetals.ca\/fr\/nous-joindre\/"]}]},{"@type":"BreadcrumbList","@id":"https:\/\/dmmetals.ca\/fr\/nous-joindre\/#breadcrumb","itemListElement":[{"@type":"ListItem","position":1,"name":"Accueil","item":"https:\/\/dmmetals.ca\/fr\/"},{"@type":"ListItem","position":2,"name":"Nous joindre"}]},{"@type":"WebSite","@id":"https:\/\/dmmetals.ca\/#website","url":"https:\/\/dmmetals.ca\/","name":"DM Metals","description":"Anodized Aluminum, Flashing, Trim, Metal Roofing and Cladding","potentialAction":[{"@type":"SearchAction","target":{"@type":"EntryPoint","urlTemplate":"https:\/\/dmmetals.ca\/?s={search_term_string}"},"query-input":{"@type":"PropertyValueSpecification","valueRequired":true,"valueName":"search_term_string"}}],"inLanguage":"fr-FR"}]}},"_links":{"self":[{"href":"https:\/\/dmmetals.ca\/fr\/wp-json\/wp\/v2\/pages\/18","targetHints":{"allow":["GET"]}}],"collection":[{"href":"https:\/\/dmmetals.ca\/fr\/wp-json\/wp\/v2\/pages"}],"about":[{"href":"https:\/\/dmmetals.ca\/fr\/wp-json\/wp\/v2\/types\/page"}],"author":[{"embeddable":true,"href":"https:\/\/dmmetals.ca\/fr\/wp-json\/wp\/v2\/users\/14"}],"replies":[{"embeddable":true,"href":"https:\/\/dmmetals.ca\/fr\/wp-json\/wp\/v2\/comments?post=18"}],"version-history":[{"count":2,"href":"https:\/\/dmmetals.ca\/fr\/wp-json\/wp\/v2\/pages\/18\/revisions"}],"predecessor-version":[{"id":1084,"href":"https:\/\/dmmetals.ca\/fr\/wp-json\/wp\/v2\/pages\/18\/revisions\/1084"}],"wp:attachment":[{"href":"https:\/\/dmmetals.ca\/fr\/wp-json\/wp\/v2\/media?parent=18"}],"curies":[{"name":"wp","href":"https:\/\/api.w.org\/{rel}","templated":true}]}}