{"id":14,"date":"2016-10-31T21:15:43","date_gmt":"2016-10-31T20:15:43","guid":{"rendered":"https:\/\/dmmetals.ca\/?page_id=14"},"modified":"2017-04-30T19:13:54","modified_gmt":"2017-04-30T23:13:54","slug":"produits-et-services","status":"publish","type":"page","link":"https:\/\/dmmetals.ca\/fr\/produits-et-services\/","title":{"rendered":"Produits et Services"},"content":{"rendered":"<div class=\"wpb-content-wrapper\"><p>[vc_row animation_type=&#8221;fadeInUp&#8221;][vc_column]<div class=\"aio-icon-component    style_1\"><div id=\"Info-box-wrap-2926\" class=\"aio-icon-box left-icon\" style=\"\"  ><div class=\"aio-ibd-block\"><div class=\"aio-icon-header\" ><h3 class=\"aio-icon-title ult-responsive\"  data-ultimate-target='#Info-box-wrap-2926 .aio-icon-title'  data-responsive-json-new='{\"font-size\":\"\",\"line-height\":\"\"}'  style=\"\">Solins et moulures<\/h3><\/div> <!-- header --><div class=\"aio-icon-description ult-responsive\"  data-ultimate-target='#Info-box-wrap-2926 .aio-icon-description'  data-responsive-json-new='{\"font-size\":\"\",\"line-height\":\"\"}'  style=\"\"><\/p>\n<p style=\"font-size: 14px; font-family: open sans; color: #41495b;\">Derni\u00e8re ligne de d\u00e9fense contre l\u2019infiltration d\u2019eau, les solins sont des composants essentiels de tout syst\u00e8me de couverture r\u00e9sidentielle. Depuis plus de 20 ans, D M Metals fabrique des solins et des moulures sur mesure ici m\u00eame \u00e0 Ottawa. Nos solins sont con\u00e7us pour \u00eatre fonctionnels et, bien s\u00fbr, \u00e9tanches \u00e0 l\u2019eau et exigent peu d\u2019entretien. <a href=\"http:\/\/www.dmmetals.ca\/nous-joindre\">Communiquez avec nous<\/a> pour plus d\u2019informations sur nos solutions de solins abordables.<\/p>\n<p><a class=\"aio-icon-read xx\" href=\"https:\/\/dmmetals.ca\/produits-et-services\/solins-et-moulures\/\"   >Lire la suite&nbsp;&raquo;<\/a><\/div> <!-- description --><\/div> <!-- aio-ibd-block --><\/div> <!-- aio-icon-box --><\/div> <!-- aio-icon-component -->[\/vc_column][\/vc_row][vc_row animation_delay=&#8221;100&#8243; animation_type=&#8221;fadeInUp&#8221;][vc_column]<div class=\"aio-icon-component    style_1\"><div id=\"Info-box-wrap-5337\" class=\"aio-icon-box left-icon\" style=\"\"  ><div class=\"aio-ibd-block\"><div class=\"aio-icon-header\" ><h3 class=\"aio-icon-title ult-responsive\"  data-ultimate-target='#Info-box-wrap-5337 .aio-icon-title'  data-responsive-json-new='{\"font-size\":\"\",\"line-height\":\"\"}'  style=\"\">Couverture et bardage de m\u00e9tal<\/h3><\/div> <!-- header --><div class=\"aio-icon-description ult-responsive\"  data-ultimate-target='#Info-box-wrap-5337 .aio-icon-description'  data-responsive-json-new='{\"font-size\":\"\",\"line-height\":\"\"}'  style=\"\"><\/p>\n<p style=\"font-size: 14px; font-family: open sans; color: #41495b;\">Nous comprenons que moins de temps pass\u00e9 \u00e0 chaque site signifie plus d\u2019argent dans vos poches. C\u2019est pourquoi nous offrons des produits de bardage et de couverture en m\u00e9tal qui sont aussi faciles \u00e0 installer qu\u2019ils sont avantageux pour vos r\u00e9sultats nets. Nous fabriquons des couvertures qui conviennent du premier coup. Puisque chaque projet de couverture est unique, nous vous invitons \u00e0 <a href=\"http:\/\/www.dmmetals.ca\/nous-joindre\">communiquer avec nous<\/a>\u00a0\u00e0 propos de vos exigences en mati\u00e8re de couverture en m\u00e9tal. Nous pouvons vous recommander la bonne \u00e9paisseur et la surface de recouvrement appropri\u00e9e pour tout projet, peu importe sa taille ou sa port\u00e9e.<\/p>\n<p><a class=\"aio-icon-read xx\" href=\"https:\/\/dmmetals.ca\/produits-et-services\/couverture-bardage-de-metal\/\"   >Lire la suite&nbsp;&raquo;<\/a><\/div> <!-- description --><\/div> <!-- aio-ibd-block --><\/div> <!-- aio-icon-box --><\/div> <!-- aio-icon-component -->[\/vc_column][\/vc_row][vc_row animation_delay=&#8221;200&#8243; animation_type=&#8221;fadeInUp&#8221;][vc_column]<div class=\"aio-icon-component    style_1\"><div id=\"Info-box-wrap-6397\" class=\"aio-icon-box left-icon\" style=\"\"  ><div class=\"aio-ibd-block\"><div class=\"aio-icon-header\" ><h3 class=\"aio-icon-title ult-responsive\"  data-ultimate-target='#Info-box-wrap-6397 .aio-icon-title'  data-responsive-json-new='{\"font-size\":\"\",\"line-height\":\"\"}'  style=\"\">Aluminium anodis\u00e9<\/h3><\/div> <!-- header --><div class=\"aio-icon-description ult-responsive\"  data-ultimate-target='#Info-box-wrap-6397 .aio-icon-description'  data-responsive-json-new='{\"font-size\":\"\",\"line-height\":\"\"}'  style=\"\"><\/p>\n<p style=\"font-size: 14px; font-family: open sans; color: #41495b;\">D M Metals est votre fournisseur de moulures en aluminium sur mesure. Nous courbons les bords de toiture selon vos sp\u00e9cifications, contrairement aux magasins grande surface qui ne vendent que des formats standards. De plus, nous pouvons anodiser notre aluminium, ce qui nous permet d\u2019offrir un \u00e9ventail de choix de couleur qui comprend diff\u00e9rents tons de bronze, de brun, de noir et de champagne. Passez \u00e0 l\u2019atelier pour voir un exemple de ce que nous pouvons produire ou <a href=\"http:\/\/www.dmmetals.ca\/nous-joindre\">appelez-nous pour passer une commande<\/a>.<\/p>\n<p><a class=\"aio-icon-read xx\" href=\"https:\/\/dmmetals.ca\/produits-et-services\/aluminium-anodise\/\"   >Lire la suite&nbsp;&raquo;<\/a><\/div> <!-- description --><\/div> <!-- aio-ibd-block --><\/div> <!-- aio-icon-box --><\/div> <!-- aio-icon-component -->[\/vc_column][\/vc_row]<\/p>\n<\/div>","protected":false},"excerpt":{"rendered":"<p>[vc_row animation_type=&#8221;fadeInUp&#8221;][vc_column][\/vc_column][\/vc_row][vc_row animation_delay=&#8221;100&#8243; animation_type=&#8221;fadeInUp&#8221;][vc_column][\/vc_column][\/vc_row][vc_row animation_delay=&#8221;200&#8243; animation_type=&#8221;fadeInUp&#8221;][vc_column][\/vc_column][\/vc_row]<\/p>\n","protected":false},"author":14,"featured_media":0,"parent":0,"menu_order":0,"comment_status":"closed","ping_status":"closed","template":"","meta":{"inline_featured_image":false,"footnotes":""},"class_list":["post-14","page","type-page","status-publish","hentry"],"yoast_head":"<!-- This site is optimized with the Yoast SEO Premium plugin v27.4 (Yoast SEO v27.4) - https:\/\/yoast.com\/product\/yoast-seo-premium-wordpress\/ -->\n<title>Produits et Services - DM Metals<\/title>\n<meta name=\"robots\" content=\"index, follow, max-snippet:-1, max-image-preview:large, max-video-preview:-1\" \/>\n<link rel=\"canonical\" href=\"https:\/\/dmmetals.ca\/fr\/produits-et-services\/\" \/>\n<meta property=\"og:locale\" content=\"fr_FR\" \/>\n<meta property=\"og:type\" content=\"article\" \/>\n<meta property=\"og:title\" content=\"Produits et Services\" \/>\n<meta property=\"og:description\" content=\"[vc_row animation_type=&#8221;fadeInUp&#8221;][vc_column][\/vc_column][\/vc_row][vc_row animation_delay=&#8221;100&#8243; animation_type=&#8221;fadeInUp&#8221;][vc_column][\/vc_column][\/vc_row][vc_row animation_delay=&#8221;200&#8243; animation_type=&#8221;fadeInUp&#8221;][vc_column][\/vc_column][\/vc_row]\" \/>\n<meta property=\"og:url\" content=\"https:\/\/dmmetals.ca\/fr\/produits-et-services\/\" \/>\n<meta property=\"og:site_name\" content=\"DM Metals\" \/>\n<meta property=\"article:modified_time\" content=\"2017-04-30T23:13:54+00:00\" \/>\n<meta name=\"twitter:card\" content=\"summary_large_image\" \/>\n<meta name=\"twitter:label1\" content=\"Dur\u00e9e de lecture estim\u00e9e\" \/>\n\t<meta name=\"twitter:data1\" content=\"2 minutes\" \/>\n<script type=\"application\/ld+json\" class=\"yoast-schema-graph\">{\"@context\":\"https:\\\/\\\/schema.org\",\"@graph\":[{\"@type\":\"WebPage\",\"@id\":\"https:\\\/\\\/dmmetals.ca\\\/fr\\\/produits-et-services\\\/\",\"url\":\"https:\\\/\\\/dmmetals.ca\\\/fr\\\/produits-et-services\\\/\",\"name\":\"Produits et Services - DM Metals\",\"isPartOf\":{\"@id\":\"https:\\\/\\\/dmmetals.ca\\\/#website\"},\"datePublished\":\"2016-10-31T20:15:43+00:00\",\"dateModified\":\"2017-04-30T23:13:54+00:00\",\"breadcrumb\":{\"@id\":\"https:\\\/\\\/dmmetals.ca\\\/fr\\\/produits-et-services\\\/#breadcrumb\"},\"inLanguage\":\"fr-FR\",\"potentialAction\":[{\"@type\":\"ReadAction\",\"target\":[\"https:\\\/\\\/dmmetals.ca\\\/fr\\\/produits-et-services\\\/\"]}]},{\"@type\":\"BreadcrumbList\",\"@id\":\"https:\\\/\\\/dmmetals.ca\\\/fr\\\/produits-et-services\\\/#breadcrumb\",\"itemListElement\":[{\"@type\":\"ListItem\",\"position\":1,\"name\":\"Accueil\",\"item\":\"https:\\\/\\\/dmmetals.ca\\\/fr\\\/\"},{\"@type\":\"ListItem\",\"position\":2,\"name\":\"Produits et Services\"}]},{\"@type\":\"WebSite\",\"@id\":\"https:\\\/\\\/dmmetals.ca\\\/#website\",\"url\":\"https:\\\/\\\/dmmetals.ca\\\/\",\"name\":\"DM Metals\",\"description\":\"Anodized Aluminum, Flashing, Trim, Metal Roofing and Cladding\",\"potentialAction\":[{\"@type\":\"SearchAction\",\"target\":{\"@type\":\"EntryPoint\",\"urlTemplate\":\"https:\\\/\\\/dmmetals.ca\\\/?s={search_term_string}\"},\"query-input\":{\"@type\":\"PropertyValueSpecification\",\"valueRequired\":true,\"valueName\":\"search_term_string\"}}],\"inLanguage\":\"fr-FR\"}]}<\/script>\n<!-- \/ Yoast SEO Premium plugin. -->","yoast_head_json":{"title":"Produits et Services - DM Metals","robots":{"index":"index","follow":"follow","max-snippet":"max-snippet:-1","max-image-preview":"max-image-preview:large","max-video-preview":"max-video-preview:-1"},"canonical":"https:\/\/dmmetals.ca\/fr\/produits-et-services\/","og_locale":"fr_FR","og_type":"article","og_title":"Produits et Services","og_description":"[vc_row animation_type=&#8221;fadeInUp&#8221;][vc_column][\/vc_column][\/vc_row][vc_row animation_delay=&#8221;100&#8243; animation_type=&#8221;fadeInUp&#8221;][vc_column][\/vc_column][\/vc_row][vc_row animation_delay=&#8221;200&#8243; animation_type=&#8221;fadeInUp&#8221;][vc_column][\/vc_column][\/vc_row]","og_url":"https:\/\/dmmetals.ca\/fr\/produits-et-services\/","og_site_name":"DM Metals","article_modified_time":"2017-04-30T23:13:54+00:00","twitter_card":"summary_large_image","twitter_misc":{"Dur\u00e9e de lecture estim\u00e9e":"2 minutes"},"schema":{"@context":"https:\/\/schema.org","@graph":[{"@type":"WebPage","@id":"https:\/\/dmmetals.ca\/fr\/produits-et-services\/","url":"https:\/\/dmmetals.ca\/fr\/produits-et-services\/","name":"Produits et Services - DM Metals","isPartOf":{"@id":"https:\/\/dmmetals.ca\/#website"},"datePublished":"2016-10-31T20:15:43+00:00","dateModified":"2017-04-30T23:13:54+00:00","breadcrumb":{"@id":"https:\/\/dmmetals.ca\/fr\/produits-et-services\/#breadcrumb"},"inLanguage":"fr-FR","potentialAction":[{"@type":"ReadAction","target":["https:\/\/dmmetals.ca\/fr\/produits-et-services\/"]}]},{"@type":"BreadcrumbList","@id":"https:\/\/dmmetals.ca\/fr\/produits-et-services\/#breadcrumb","itemListElement":[{"@type":"ListItem","position":1,"name":"Accueil","item":"https:\/\/dmmetals.ca\/fr\/"},{"@type":"ListItem","position":2,"name":"Produits et Services"}]},{"@type":"WebSite","@id":"https:\/\/dmmetals.ca\/#website","url":"https:\/\/dmmetals.ca\/","name":"DM Metals","description":"Anodized Aluminum, Flashing, Trim, Metal Roofing and Cladding","potentialAction":[{"@type":"SearchAction","target":{"@type":"EntryPoint","urlTemplate":"https:\/\/dmmetals.ca\/?s={search_term_string}"},"query-input":{"@type":"PropertyValueSpecification","valueRequired":true,"valueName":"search_term_string"}}],"inLanguage":"fr-FR"}]}},"_links":{"self":[{"href":"https:\/\/dmmetals.ca\/fr\/wp-json\/wp\/v2\/pages\/14","targetHints":{"allow":["GET"]}}],"collection":[{"href":"https:\/\/dmmetals.ca\/fr\/wp-json\/wp\/v2\/pages"}],"about":[{"href":"https:\/\/dmmetals.ca\/fr\/wp-json\/wp\/v2\/types\/page"}],"author":[{"embeddable":true,"href":"https:\/\/dmmetals.ca\/fr\/wp-json\/wp\/v2\/users\/14"}],"replies":[{"embeddable":true,"href":"https:\/\/dmmetals.ca\/fr\/wp-json\/wp\/v2\/comments?post=14"}],"version-history":[{"count":0,"href":"https:\/\/dmmetals.ca\/fr\/wp-json\/wp\/v2\/pages\/14\/revisions"}],"wp:attachment":[{"href":"https:\/\/dmmetals.ca\/fr\/wp-json\/wp\/v2\/media?parent=14"}],"curies":[{"name":"wp","href":"https:\/\/api.w.org\/{rel}","templated":true}]}}